{"id":18,"date":"2008-05-23T15:46:09","date_gmt":"2008-05-23T15:46:09","guid":{"rendered":"http:\/\/blog.hermanfenderson.com\/?page_id=18"},"modified":"2011-01-04T17:37:11","modified_gmt":"2011-01-04T15:37:11","slug":"about","status":"publish","type":"page","link":"https:\/\/blog.hermanfenderson.com\/?page_id=18","title":{"rendered":"Chi sono"},"content":{"rendered":"<p style=\"text-align: center;\"><a href=\"http:\/\/hermanfenderson.files.wordpress.com\/2008\/05\/wow.jpg\"><img loading=\"lazy\" decoding=\"async\" class=\"aligncenter size-medium wp-image-8\" src=\"http:\/\/hermanfenderson.files.wordpress.com\/2008\/05\/wow.jpg?w=300\" alt=\"Heil Eris!\" width=\"300\" height=\"205\" \/><\/a><\/p>\n<p style=\"text-align: center;\"><em>Herman Fenderson scruta le proprie prospettive nel medio termine&#8230;<\/em><\/p>\n<p>Mi chiamo Herman Fenderson, ho un&#8217;et\u00e0 imprecisata ma i pi\u00f9 a colpo d&#8217;occhio mi direbbero nato nel 1969. Il mio pap\u00e0, invero fantasioso ha coniato non solo il mio nome ma financo il suo cognome!<\/p>\n<ul>\n<li>Herman viene dal nome del Robot affittato da Daffy Duck per catturare Speedy Gonzales che  imperversa in una clinica psichiatrica per gatti nel cartone animato della Warner del 1966  &#8220;<a title=\"Daffy Rents\" href=\"http:\/\/www.bcdb.com\/cartoon_synopsis\/4453-Daffy_Rents.html\" target=\"_blank\">Daffy Rents<\/a>&#8221; Il robot dopo aver tentato in tutti i modi di catturare il topo (&#8220;acchiappalo herman!&#8221;) decide di allearsi con lui.<\/li>\n<li>Fenderson \u00e8 un cognome proveniente dalla mia appartenenza alla <a title=\"famiglia dei Fenderson\" href=\"http:\/\/community.livejournal.com\/fendersonfamily\/profile\" target=\"_blank\">famiglia dei Fenderson <\/a>. Anche voi, se volete, potreste essere dei Fenderson (come i miei parenti Graham Fenderson Trievel o anche Sant&#8217;Ignazio Fenderson)!<\/li>\n<li>Peraltro unendo le due cose Herman Fenderson \u00e8 stato un giocatore (modesto) della lega di Baseball Americana nel 1911 (era nato nel 1884).Ora come ora, Herman Fenderson \u00e8 membro della Free Software Foundation Europe e realizza progetti open source&#8230;<\/li>\n<\/ul>\n","protected":false},"excerpt":{"rendered":"<p>Herman Fenderson scruta le proprie prospettive nel medio termine&#8230; Mi chiamo Herman Fenderson, ho un&#8217;et\u00e0 imprecisata ma i pi\u00f9 a colpo d&#8217;occhio mi direbbero nato nel 1969. Il mio pap\u00e0, invero fantasioso ha coniato non solo il mio nome ma financo il suo cognome! Herman viene dal nome del Robot affittato da Daffy Duck per [&hellip;]<\/p>\n","protected":false},"author":2,"featured_media":0,"parent":0,"menu_order":0,"comment_status":"open","ping_status":"open","template":"","meta":{"footnotes":""},"_links":{"self":[{"href":"https:\/\/blog.hermanfenderson.com\/index.php?rest_route=\/wp\/v2\/pages\/18"}],"collection":[{"href":"https:\/\/blog.hermanfenderson.com\/index.php?rest_route=\/wp\/v2\/pages"}],"about":[{"href":"https:\/\/blog.hermanfenderson.com\/index.php?rest_route=\/wp\/v2\/types\/page"}],"author":[{"embeddable":true,"href":"https:\/\/blog.hermanfenderson.com\/index.php?rest_route=\/wp\/v2\/users\/2"}],"replies":[{"embeddable":true,"href":"https:\/\/blog.hermanfenderson.com\/index.php?rest_route=%2Fwp%2Fv2%2Fcomments&post=18"}],"version-history":[{"count":1,"href":"https:\/\/blog.hermanfenderson.com\/index.php?rest_route=\/wp\/v2\/pages\/18\/revisions"}],"predecessor-version":[{"id":72,"href":"https:\/\/blog.hermanfenderson.com\/index.php?rest_route=\/wp\/v2\/pages\/18\/revisions\/72"}],"wp:attachment":[{"href":"https:\/\/blog.hermanfenderson.com\/index.php?rest_route=%2Fwp%2Fv2%2Fmedia&parent=18"}],"curies":[{"name":"wp","href":"https:\/\/api.w.org\/{rel}","templated":true}]}}